{"id":946,"date":"2022-01-04T19:34:28","date_gmt":"2022-01-04T18:34:28","guid":{"rendered":"https:\/\/elbionmusic.net\/?post_type=product&#038;p=946"},"modified":"2025-03-02T00:00:06","modified_gmt":"2025-03-01T23:00:06","slug":"fragments-12-pieces-for-piano-solo-mp3","status":"publish","type":"product","link":"https:\/\/elbionmusic.net\/de\/produkt\/fragments-12-pieces-for-piano-solo-mp3\/","title":{"rendered":"Fragments - 12 Klavierst\u00fccke \/ MP3 Audio-Album zum Herunterladen \u266a"},"content":{"rendered":"<p><strong>Fragments \u2013 MP3 Audio Album<br \/>\n12 St\u00fccke f\u00fcr Klavier<\/strong> von Albrecht Nolting<\/p>\n<p>MP3 album with 256kbs \/ 80MB as ZIP file<\/p>\n<p><strong>Inhalt<\/strong><\/p>\n<ol>\n<li><strong>Prelude pour une Elfe<\/strong> \u2013 6:39min &#8211; 12,2MB<\/li>\n<li><strong>Winter Fire<\/strong> \u2013 02:59min &#8211; 5,5MB<\/li>\n<li><strong>Pianissimo<\/strong> \u2013 03:23min &#8211; 6,26MB<\/li>\n<li><strong>Coming Back<\/strong> \u2013 04:03min &#8211; 7,45MB<\/li>\n<li><strong>Jinger<\/strong> \u2013 2:50min &#8211; 05,24MB<\/li>\n<li><strong>Pianissimo II<\/strong> \u2013 02:39min &#8211; 4,91MB<\/li>\n<li><strong>Noas Waltz<\/strong> \u2013 03:00min &#8211; 5,54MB<\/li>\n<li><strong>River Elf<\/strong> \u2013 03:25min &#8211; 6,31MB<\/li>\n<li><strong>Autumn Gold<\/strong> \u2013 03:22min &#8211; 6,22MB<\/li>\n<li><strong>Claire\u2019s Theme<\/strong> \u2013 05:59min &#8211; 11MB<\/li>\n<li><strong>Song without Words<\/strong> \u2013 03:03min &#8211; 6,64MB<\/li>\n<li><strong>No. 9<\/strong> \u2013 02:44min &#8211; 5,05MB<\/li>\n<\/ol>","protected":false},"excerpt":{"rendered":"<p><strong>Fragments \u2013 MP3 Audio Album<br \/>\n12 St\u00fccke f\u00fcr Klavier<\/strong> von Albrecht Nolting<\/p>\n<p>MP3 Album mit 256kbs \/ 80MB<\/p>\n<p>Zum reinh\u00f6ren <a href=\"https:\/\/elbionmusic.net\/de\/sheet-music\/\" target=\"_blank\" rel=\"noopener\">hier klicken<\/a><\/p>\n<p>F\u00fcr Klavierspieler &amp; Klaviersch\u00fcler als hilfreiche Erg\u00e4nzung zur Erarbeitung des Notenbands \"Fragments\"<\/p>","protected":false},"featured_media":492,"template":"","meta":{"neve_meta_sidebar":"","neve_meta_container":"","neve_meta_enable_content_width":"on","neve_meta_content_width":85,"neve_meta_title_alignment":"","neve_meta_author_avatar":"","neve_post_elements_order":"","neve_meta_disable_header":"","neve_meta_disable_footer":"","neve_meta_disable_title":""},"product_cat":[22],"product_tag":[24,18,23],"_links":{"self":[{"href":"https:\/\/elbionmusic.net\/de\/wp-json\/wp\/v2\/product\/946"}],"collection":[{"href":"https:\/\/elbionmusic.net\/de\/wp-json\/wp\/v2\/product"}],"about":[{"href":"https:\/\/elbionmusic.net\/de\/wp-json\/wp\/v2\/types\/product"}],"wp:featuredmedia":[{"embeddable":true,"href":"https:\/\/elbionmusic.net\/de\/wp-json\/wp\/v2\/media\/492"}],"wp:attachment":[{"href":"https:\/\/elbionmusic.net\/de\/wp-json\/wp\/v2\/media?parent=946"}],"wp:term":[{"taxonomy":"product_cat","embeddable":true,"href":"https:\/\/elbionmusic.net\/de\/wp-json\/wp\/v2\/product_cat?post=946"},{"taxonomy":"product_tag","embeddable":true,"href":"https:\/\/elbionmusic.net\/de\/wp-json\/wp\/v2\/product_tag?post=946"}],"curies":[{"name":"wp","href":"https:\/\/api.w.org\/{rel}","templated":true}]}}