{"id":1084,"date":"2022-01-06T12:02:50","date_gmt":"2022-01-06T11:02:50","guid":{"rendered":"https:\/\/elbionmusic.net\/?post_type=product&#038;p=1084"},"modified":"2022-01-06T12:06:43","modified_gmt":"2022-01-06T11:06:43","slug":"claires-theme-mp3-audio-file","status":"publish","type":"product","link":"https:\/\/elbionmusic.net\/de\/produkt\/claires-theme-mp3-audio-file\/","title":{"rendered":"Claire's Theme - MP3 Audio Datei \u266a"},"content":{"rendered":"<p><strong>Claire&#8217;s Theme \u266a<\/strong><\/p>\n<p>MP3 Audio Datei mit 256kbs \/ 5:59min \/ 11 MB<\/p>\n<p>Audio Datei zur Erg\u00e4nzung zu den entsprechenden Noten.<\/p>\n<p>F\u00fcr Klavierspieler &amp; Klaviersch\u00fcler als hilfreiche Erg\u00e4nzung bei der Erarbeitung des St\u00fccks <strong>Claire\u2019s Theme<\/strong>.<\/p>\n<p>Du erh\u00e4ltst Deinen Download-Link nach Bezahlung am Ende des Bestellprozesses.<\/p>\n<p>Einfach mal reinh\u00f6ren ...<\/p>\n<!--[if lt IE 9]><script>document.createElement('audio');<\/script><![endif]-->\n<audio class=\"wp-audio-shortcode\" id=\"audio-1084-1\" preload=\"none\" style=\"width: 100%;\" controls=\"controls\"><source type=\"audio\/mpeg\" src=\"https:\/\/elbionmusic.net\/wp-content\/uploads\/2021\/12\/10-ClairesTheme-Prelisten.mp3?_=1\" \/><a href=\"https:\/\/elbionmusic.net\/wp-content\/uploads\/2021\/12\/10-ClairesTheme-Prelisten.mp3\">https:\/\/elbionmusic.net\/wp-content\/uploads\/2021\/12\/10-ClairesTheme-Prelisten.mp3<\/a><\/audio>","protected":false},"excerpt":{"rendered":"<p><strong>Claire&#8217;s Theme \u266a<\/strong><\/p>\n<p>MP3 Audio Datei mit 256kbs \/ 5:59min \/ 11 MB<\/p>\n<p>Audio Datei zur Erg\u00e4nzung zu den entsprechenden Noten.<\/p>\n<p>F\u00fcr Klavierspieler &amp; Klaviersch\u00fcler als hilfreiche Erg\u00e4nzung bei der Erarbeitung des St\u00fccks <strong>Claire\u2019s Theme<\/strong>.<\/p>","protected":false},"featured_media":648,"template":"","meta":{"neve_meta_sidebar":"","neve_meta_container":"","neve_meta_enable_content_width":"on","neve_meta_content_width":85,"neve_meta_title_alignment":"","neve_meta_author_avatar":"","neve_post_elements_order":"","neve_meta_disable_header":"","neve_meta_disable_footer":"","neve_meta_disable_title":""},"product_cat":[22],"product_tag":[],"_links":{"self":[{"href":"https:\/\/elbionmusic.net\/de\/wp-json\/wp\/v2\/product\/1084"}],"collection":[{"href":"https:\/\/elbionmusic.net\/de\/wp-json\/wp\/v2\/product"}],"about":[{"href":"https:\/\/elbionmusic.net\/de\/wp-json\/wp\/v2\/types\/product"}],"wp:featuredmedia":[{"embeddable":true,"href":"https:\/\/elbionmusic.net\/de\/wp-json\/wp\/v2\/media\/648"}],"wp:attachment":[{"href":"https:\/\/elbionmusic.net\/de\/wp-json\/wp\/v2\/media?parent=1084"}],"wp:term":[{"taxonomy":"product_cat","embeddable":true,"href":"https:\/\/elbionmusic.net\/de\/wp-json\/wp\/v2\/product_cat?post=1084"},{"taxonomy":"product_tag","embeddable":true,"href":"https:\/\/elbionmusic.net\/de\/wp-json\/wp\/v2\/product_tag?post=1084"}],"curies":[{"name":"wp","href":"https:\/\/api.w.org\/{rel}","templated":true}]}}