{"id":864,"date":"2022-01-03T13:32:21","date_gmt":"2022-01-03T12:32:21","guid":{"rendered":"https:\/\/elbionmusic.net\/?page_id=864"},"modified":"2022-01-10T12:06:54","modified_gmt":"2022-01-10T11:06:54","slug":"agb","status":"publish","type":"page","link":"https:\/\/elbionmusic.net\/de\/agb\/","title":{"rendered":"AGB"},"content":{"rendered":"<div class=\"wp-block-image is-style-default\"><figure class=\"aligncenter size-large is-resized\"><img loading=\"lazy\" src=\"https:\/\/elbionmusic.net\/wp-content\/uploads\/2021\/12\/elbion-music-logo_hoch-elf-right-1024x557.png\" alt=\"\" class=\"wp-image-106\" width=\"532\" height=\"289\" srcset=\"https:\/\/elbionmusic.net\/wp-content\/uploads\/2021\/12\/elbion-music-logo_hoch-elf-right-1024x557.png 1024w, https:\/\/elbionmusic.net\/wp-content\/uploads\/2021\/12\/elbion-music-logo_hoch-elf-right-300x163.png 300w, https:\/\/elbionmusic.net\/wp-content\/uploads\/2021\/12\/elbion-music-logo_hoch-elf-right-600x326.png 600w, https:\/\/elbionmusic.net\/wp-content\/uploads\/2021\/12\/elbion-music-logo_hoch-elf-right-768x418.png 768w, https:\/\/elbionmusic.net\/wp-content\/uploads\/2021\/12\/elbion-music-logo_hoch-elf-right.png 1304w\" sizes=\"(max-width: 532px) 100vw, 532px\" \/><\/figure><\/div>\n\n\n<h3 style=\"text-align: center;\">AGB<\/h3>\n\n\n<hr class=\"wp-block-separator\"\/>\n\n\n<h5>Allgemeine Gesch\u00e4ftsbedingungen f\u00fcr den Webshop von elbion music<\/h5>\n<h5>Inhalt<\/h5>\n<p>\u2022 <strong>Geltungsbereich<\/strong><br \/><strong>\u2022 Vertragspartner<\/strong><br \/><strong>\u2022 Vertragsschluss<\/strong><br \/><strong>\u2022 Widerrufsrecht<\/strong><br \/><strong>\u2022 Preise und Versandkosten<\/strong><br \/><strong>\u2022 Lieferung<\/strong><br \/><strong>\u2022 Zahlung<\/strong><br \/><strong>\u2022 Eigentumsvorbehalt<\/strong><br \/><strong>\u2022 Streitbeilegung<\/strong><\/p>\n<p><strong>Allgemeine Gesch\u00e4ftsbedingungen<\/strong><\/p>\n<ul>\n<li><strong>Geltungsbereich<\/strong><br \/>F\u00fcr alle Lieferungen von elbion music an Verbraucher gelten diese Allgemeinen Gesch\u00e4ftsbedingungen (AGB).<br \/>Verbraucher ist jede nat\u00fcrliche Person, die ein Rechtsgesch\u00e4ft zu einem Zwecke abschlie\u00dft, der \u00fcberwiegend weder ihrer gewerblichen noch ihrer selbstst\u00e4ndigen beruflichen T\u00e4tigkeit zugerechnet werden kann.<\/li>\n<li><strong>Vertragspartner<\/strong><br \/>Der Kaufvertrag kommt zustande mit elbion music, Inhaber: Albrecht Nolting, Mainhardter Str. 35, 74535 Mainhardt<\/li>\n<li><strong>Vertragsschluss<br \/><\/strong>Die Darstellung der Produkte im Online-Shop stellt kein rechtlich bindendes Angebot, sondern nur eine Aufforderung zur Bestellung dar.<br \/>Durch Anklicken des Buttons [Kaufen\/kostenpflichtig bestellen] geben Sie eine verbindliche Bestellung der auf der Bestellseite aufgelisteten Waren ab. Ihr Kaufvertrag kommt zustande, wenn wir Ihre Bestellung durch eine Auftragsbest\u00e4tigung per E-Mail unmittelbar nach dem Erhalt Ihrer Bestellung annehmen.<\/li>\n<li><strong>Widerrufsrecht<\/strong><strong><br \/><\/strong>Wenn Sie Verbraucher sind (also eine nat\u00fcrliche Person, die die Bestellung zu einem Zweck abgibt, der weder Ihrer gewerblichen oder selbst\u00e4ndigen beruflichen T\u00e4tigkeit zugerechnet werden kann), steht Ihnen nach Ma\u00dfgabe der gesetzlichen Bestimmungen ein Widerrufsrecht zu.<br \/>Machen Sie als Verbraucher von Ihrem Widerrufsrecht nach Ziffer 4.1 Gebrauch, so haben Sie die regelm\u00e4\u00dfigen Kosten der R\u00fccksendung zu tragen.<\/li>\n<\/ul>\n<p>Im \u00dcbrigen gelten f\u00fcr das Widerrufsrecht die Regelungen, die im Einzelnen wiedergegeben sind in der folgenden<\/p>\n<p><strong>- Widerrufsbelehrung\u00b9 -<\/strong><\/p>\n<p><strong>Widerrufsrecht<\/strong><br \/>Sie haben das Recht, binnen vierzehn Tagen ohne Angabe von Gr\u00fcnden diesen Vertrag zu widerrufen.<\/p>\n<p>Die Widerrufsfrist betr\u00e4gt vierzehn Tage ab dem Tag an dem Sie oder ein von Ihnen benannter Dritter, der nicht der Bef\u00f6rderer ist, die Waren in Besitz genommen haben bzw. hat.<\/p>\n<p>Um Ihr Widerrufsrecht auszu\u00fcben, m\u00fcssen Sie uns, elbion music - Mainhardter Str. 35 in 74535 Mainhardt, E-Mail: info@elbionmusic.net - mittels einer eindeutigen Erkl\u00e4rung (z.B. ein mit der Post versandter Brief oder E-Mail) \u00fcber Ihren Entschluss, diesen Vertrag zu widerrufen, informieren. Zur Wahrung der Widerrufsfrist reicht es aus, dass Sie die Mitteilung \u00fcber die Aus\u00fcbung des Widerrufsrechts vor Ablauf der Widerrufsfrist absenden.<\/p>\n<p><strong>Folgen des Widerrufs<\/strong><br \/>Wenn Sie diesen Vertrag widerrufen, haben wir Ihnen alle Zahlungen, die wir von Ihnen erhalten haben, einschlie\u00dflich der Lieferkosten (mit Ausnahme der zus\u00e4tzlichen Kosten, die sich daraus ergeben, dass Sie eine andere Art der Lieferung als die von uns angebotene, g\u00fcnstigste Standardlieferung gew\u00e4hlt haben), unverz\u00fcglich und sp\u00e4testens binnen vierzehn Tagen ab dem Tag zur\u00fcckzuzahlen, an dem die Mitteilung \u00fcber Ihren Widerruf dieses Vertrags bei uns eingegangen ist. F\u00fcr diese R\u00fcckzahlung verwenden wir dasselbe Zahlungsmittel, das Sie bei der urspr\u00fcnglichen Transaktion eingesetzt haben, es sei denn, mit Ihnen wurde ausdr\u00fccklich etwas anderes vereinbart; in keinem Fall werden Ihnen wegen dieser R\u00fcckzahlung Entgelte berechnet. Wir k\u00f6nnen die R\u00fcckzahlung verweigern, bis wir die Waren wieder zur\u00fcckerhalten haben oder bis Sie den Nachweis erbracht haben, dass Sie die Waren zur\u00fcckgesandt haben, je nachdem, welches der fr\u00fchere Zeitpunkt ist.<\/p>\n<p>Sie haben die Waren unverz\u00fcglich und in jedem Fall sp\u00e4testens binnen vierzehn Tagen ab dem Tag, an dem Sie uns \u00fcber den Widerruf dieses Vertrages unterrichten, an uns zur\u00fcckzusenden oder zu \u00fcbergeben. Die Frist ist gewahrt, wenn Sie die Waren vor Ablauf der Frist von vierzehn Tagen absenden.<\/p>\n<p>Sie tragen die unmittelbaren Kosten der R\u00fccksendung der Waren.<\/p>\n<p>Sie m\u00fcssen f\u00fcr einen etwaigen Wertverlust der Waren nur aufkommen, wenn dieser Wertverlust auf einen zur Pr\u00fcfung der Beschaffenheit, Eigenschaften und Funktionsweise der Waren nicht notwendigen Umgang mit ihnen zur\u00fcckzuf\u00fchren ist.<\/p>\n<p><strong>- Ende der Widerrufsbelehrung -<\/strong><br \/>(\u00b9 Diese Widerrufsbelehrung gilt nicht f\u00fcr die getrennte Lieferung von Waren.)<\/p>\n<ul>\n<li><strong>Preise und Versandkosten<br \/><\/strong>Die auf den Produktseiten genannten Preise enthalten die gesetzliche Mehrwertsteuer und sonstige Preisbestandteile.<br \/>Zus\u00e4tzlich zu den angegebenen Preisen berechnen wir f\u00fcr die Lieferung innerhalb Deutschlands pauschal 2,90 Euro pro Bestellung einer CD und 3,90 pro Bestellung eines Notenbands. Ab einem Bestellwert von 35,-\u20ac versenden wir innerhalb Deutschlands versandkostenfrei. Die Versandkosten werden Ihnen auf den Produktseiten, im Warenkorbsystem und auf der Bestellseite nochmals deutlich mitgeteilt. F\u00fcr Bestellungen au\u00dferhalb Deutschlands gelten andere Versandkosten: 4,90\u20ac f\u00fcr CDs oder Notenhefte. Ab einem Bestellwert von 50,-\u20ac versenden wir auch au\u00dferhalb Deutschlands versandkostenfrei.<\/li>\n<li><strong>Lieferung<br \/><\/strong>Die Lieferung erfolgt innerhalb Deutschlands mit DHL. Au\u00dferhalb Deutschlands erfolgt die Lieferung abh\u00e4ngig von der Warenmenge, dem daraus resultierenden Gewicht und dem Zielland mit unterschiedlichen Lieferdiensten.<br \/>Die Lieferung erfolgt \u2013 sofern die Beschreibung eines gew\u00e4hlten Produkts nicht explizit Abweichendes festlegt \u2013 innerhalb von 7 Werktagen.\nDiese Frist beginnt am Tag nach Zahlungseingang. F\u00fcr garantierte schnellere Lieferungen nehmen Sie bitte per E-Mail Kontakt zu uns auf: info[add]elbionmusic.net<\/li>\n<li><strong>Zahlung<\/strong><br \/>Die Zahlung erfolgt wahlweise gem\u00e4\u00df einer der im Kaufabschlussprozess ausgew\u00e4hlten Bezahlart.<br \/>Bei Auswahl der Zahlungsart Vorkasse nennen wir Ihnen unsere Bankverbindung in der Auftragsbest\u00e4tigung und liefern die Ware nach Zahlungseingang. Versandkosten sind im angezeigten Preis nicht enthalten und werden w\u00e4hrend des Bestellprozesses im Warenkorb &amp; an der Kasse unserer Webshops hinzugef\u00fcgt.<br \/>F\u00fcr alle anderen angebotenen Zahlungsarten arbeiten wir mit dem Zahlungsdienstleister mollie (Mollie B.V., Keizersgracht 126, 1015 CW Amsterdam, Niederlande \u2013 Handelskammer Nr. <span class=\"typography_2020__MarkdownBody-a3y895-8 bQitqt\">30204462 \u2013 www.mollie.com<\/span>) zusammen, was bedeutet, dass Ihre im Bestellprozess an uns \u00fcbermittelten Daten an mollie \u00fcbermittelt und von mollie verarbeitet werden.\n<p>Mollie verarbeitet personenbezogene Daten im Rahmen ihrer Dienstleistungen, zur Erfu\u0308llung gesetzlicher Verpflichtungen sowie zur Gewa\u0308hrleistung der Sicherheit und Integrita\u0308t Ihrer Daten. Zur Verarbeitung von Transaktionen und Auszahlungen arbeitet Mollie mit mehreren Finanzinstituten zusammen, und teilt Mollie personenbezogene Daten mit Finanzinstituten. Mollie wird personenbezogene Daten nur im Rahmen ihrer Dienstleistungen Dritten zur Verfu\u0308gung stellen.<br \/>Transaktionen mit den Marken Mastercard und Visa werden \u00fcber mollie von Valitor hf (Laugavegur 77 \u2013 101 Reykjavi\u0301k, Si\u0301mi 525-2000, Island, Telefon: +354 525 2000) verarbeitet.<br \/>Transaktionen mit der Marke American Express werden \u00fcber mollie von American Express Travel Related Services Company INC und\/oder American Express Payment Services Limited (Hoogoorddreef 15, 1101 BA Amsterdam-Zuidoost, Niederlande, Telefon: +31 20 504 8504) verarbeitet.<br \/>Mit der Bestellung von Artikeln in unserem Webshop stimmen Sie der oben beschriebenen \u00dcbermittlung Ihrer Daten an mollie und deren Partner ausdr\u00fccklich zu.<\/p>\n<\/li>\n<li>\n<p><strong>Eigentumsvorbehalt<br \/><\/strong>Bis zur vollst\u00e4ndigen Zahlung bleibt die Ware unser Eigentum.<\/p>\n<\/li>\n<li><strong>Streitbeilegung<\/strong><br \/>Die EU-Kommission hat eine Internetplattform zur Online-Beilegung von Streitigkeiten geschaffen. Die Plattform dient als Anlaufstelle zur au\u00dfergerichtlichen Beilegung von Streitigkeiten betreffend vertragliche Verpflichtungen, die aus Online-Kaufvertr\u00e4gen erwachsen. N\u00e4here Informationen sind unter dem folgenden Link verf\u00fcgbar: http:\/\/ec.europa.eu\/consumers\/odr. Zur Teilnahme an einem Streitbeilegungsverfahren vor einer Verbraucherschlichtungsstelle sind wir weder bereit noch verpflichtet.<\/li>\n<li style=\"list-style-type: none;\">\u00a0<\/li>\n<\/ul>","protected":false},"excerpt":{"rendered":"<p>GTC General terms and conditions for the webshop of elbion music Content \u2022 Scope\u2022 Contractual partner\u2022 Conclusion of a contract\u2022 Right of withdrawal\u2022 Prices and shipping costs\u2022 Delivery\u2022 Payment\u2022 Retention of title\u2022 Dispute resolution Terms of Service ScopeThese general terms and conditions (GTC) apply to all deliveries by elbion music to consumers.A consumer is any&hellip;&nbsp;<a href=\"https:\/\/elbionmusic.net\/de\/agb\/\" class=\"\" rel=\"bookmark\">Weiterlesen &raquo;<span class=\"screen-reader-text\">AGB<\/span><\/a><\/p>","protected":false},"author":1,"featured_media":0,"parent":0,"menu_order":0,"comment_status":"closed","ping_status":"closed","template":"","meta":{"neve_meta_sidebar":"","neve_meta_container":"","neve_meta_enable_content_width":"on","neve_meta_content_width":85,"neve_meta_title_alignment":"","neve_meta_author_avatar":"","neve_post_elements_order":"","neve_meta_disable_header":"","neve_meta_disable_footer":"","neve_meta_disable_title":""},"_links":{"self":[{"href":"https:\/\/elbionmusic.net\/de\/wp-json\/wp\/v2\/pages\/864"}],"collection":[{"href":"https:\/\/elbionmusic.net\/de\/wp-json\/wp\/v2\/pages"}],"about":[{"href":"https:\/\/elbionmusic.net\/de\/wp-json\/wp\/v2\/types\/page"}],"author":[{"embeddable":true,"href":"https:\/\/elbionmusic.net\/de\/wp-json\/wp\/v2\/users\/1"}],"replies":[{"embeddable":true,"href":"https:\/\/elbionmusic.net\/de\/wp-json\/wp\/v2\/comments?post=864"}],"version-history":[{"count":10,"href":"https:\/\/elbionmusic.net\/de\/wp-json\/wp\/v2\/pages\/864\/revisions"}],"predecessor-version":[{"id":1562,"href":"https:\/\/elbionmusic.net\/de\/wp-json\/wp\/v2\/pages\/864\/revisions\/1562"}],"wp:attachment":[{"href":"https:\/\/elbionmusic.net\/de\/wp-json\/wp\/v2\/media?parent=864"}],"curies":[{"name":"wp","href":"https:\/\/api.w.org\/{rel}","templated":true}]}}