{"id":7,"date":"2021-12-02T15:32:29","date_gmt":"2021-12-02T14:32:29","guid":{"rendered":"https:\/\/elbionmusic.net\/?page_id=7"},"modified":"2022-01-23T23:54:44","modified_gmt":"2022-01-23T22:54:44","slug":"kontakt","status":"publish","type":"page","link":"https:\/\/elbionmusic.net\/de\/kontakt\/","title":{"rendered":"Impressum &#038; Kontakt"},"content":{"rendered":"<p>  <\/p>\n\n\n\n<div class=\"wp-block-image is-style-default\"><figure class=\"aligncenter size-large is-resized\"><img loading=\"lazy\" src=\"https:\/\/elbionmusic.net\/wp-content\/uploads\/2021\/12\/elbion-music-logo_hoch-elf-right-1024x557.png\" alt=\"\" class=\"wp-image-106\" width=\"532\" height=\"289\" srcset=\"https:\/\/elbionmusic.net\/wp-content\/uploads\/2021\/12\/elbion-music-logo_hoch-elf-right-1024x557.png 1024w, https:\/\/elbionmusic.net\/wp-content\/uploads\/2021\/12\/elbion-music-logo_hoch-elf-right-300x163.png 300w, https:\/\/elbionmusic.net\/wp-content\/uploads\/2021\/12\/elbion-music-logo_hoch-elf-right-600x326.png 600w, https:\/\/elbionmusic.net\/wp-content\/uploads\/2021\/12\/elbion-music-logo_hoch-elf-right-768x418.png 768w, https:\/\/elbionmusic.net\/wp-content\/uploads\/2021\/12\/elbion-music-logo_hoch-elf-right.png 1304w\" sizes=\"(max-width: 532px) 100vw, 532px\" \/><\/figure><\/div>\n\n\n\n<h3 class=\"has-text-align-center\">Impressum &amp; Kontakt<\/h3>\n\n\n\n<hr class=\"wp-block-separator\"\/>\n\n\n\n<p class=\"has-text-align-center\">Impressum und Kontakt f\u00fcr die Website elbionmusic.net gem\u00e4\u00df \u00a76TDG und \u00a710MdStV<\/p>\n\n\n\n<div class=\"wp-block-group\"><div class=\"wp-block-group__inner-container\">\n<div class=\"wp-block-group\"><div class=\"wp-block-group__inner-container\">\n<p class=\"has-text-align-center has-normal-font-size\">Dienstanbieter dieser Website ist<\/p>\n\n\n\n<p class=\"has-text-align-center\"><strong>elbion music<\/strong><br>Albrecht Nolting<br>Mainhardter Str. 35<br>DE-74535 Mainhardt<\/p>\n\n\n\n<p class=\"has-text-align-center\">USt-IdNr. gem\u00e4\u00df \u00a727a UStG: DE190995990<\/p>\n\n\n\n<p><\/p>\n\n\n\n<p><\/p>\n<\/div><\/div>\n<\/div><\/div>\n\n\n\n<p><\/p>\n\n\n\n<p><\/p>\n\n\n\n<h4>Kontaktformular<\/h4>\n\n\n<div class=\"caldera-grid\" id=\"caldera_form_1\" data-cf-ver=\"1.9.6\" data-cf-form-id=\"CF61aa4b598cf72\"><div id=\"caldera_notices_1\" data-spinner=\"https:\/\/elbionmusic.net\/wp-admin\/images\/spinner.gif\"><\/div><form data-instance=\"1\" class=\"CF61aa4b598cf72 caldera_forms_form cfajax-trigger\" method=\"POST\" enctype=\"multipart\/form-data\" id=\"CF61aa4b598cf72_1\" data-form-id=\"CF61aa4b598cf72\" aria-label=\"MailForm elbionmusic\" data-target=\"#caldera_notices_1\" data-template=\"#cfajax_CF61aa4b598cf72-tmpl\" data-cfajax=\"CF61aa4b598cf72\" data-load-element=\"_parent\" data-load-class=\"cf_processing\" data-post-disable=\"0\" data-action=\"cf_process_ajax_submit\" data-request=\"https:\/\/elbionmusic.net\/de\/cf-api\/CF61aa4b598cf72\" data-hiderows=\"true\" action=\"\">\r\n<input type=\"hidden\" id=\"_cf_verify_CF61aa4b598cf72\" name=\"_cf_verify\" value=\"2717176968\"  data-nonce-time=\"1775913408\" \/><input type=\"hidden\" name=\"_wp_http_referer\" value=\"\/de\/wp-json\/wp\/v2\/pages\/7\" \/><div id=\"cf2-CF61aa4b598cf72_1\"><\/div><input type=\"hidden\" name=\"_cf_frm_id\" value=\"CF61aa4b598cf72\">\r\n<input type=\"hidden\" name=\"_cf_frm_ct\" value=\"1\">\r\n<input type=\"hidden\" name=\"cfajax\" value=\"CF61aa4b598cf72\">\r\n<input type=\"hidden\" name=\"_cf_cr_pst\" value=\"7\">\r\n<div class=\"hide\" style=\"display:none; overflow:hidden;height:0;width:0;\">\r\n<label>Phone<\/label><input type=\"text\" name=\"phone\" value=\"\" autocomplete=\"off\">\r\n<\/div><div id=\"CF61aa4b598cf72_1-row-1\"  class=\"row  first_row\"><div  class=\"col-xs-12  single\"><div data-field-wrapper=\"fld_2758980\" class=\"form-group\" id=\"fld_2758980_1-wrap\">\r\n\t<label id=\"fld_2758980Label\" for=\"fld_2758980_1\" class=\"control-label\">Dein Name <span aria-hidden=\"true\" role=\"presentation\" class=\"field_required\" style=\"color:#ee0000;\">*<\/span><\/label>\r\n\t<div class=\"\">\r\n\t\t<input   required type=\"text\" data-field=\"fld_2758980\" class=\"form-control\" id=\"fld_2758980_1\" name=\"fld_2758980\" value=\"\" data-type=\"text\" aria-required=\"true\"   aria-labelledby=\"fld_2758980Label\" >\t\t\t<\/div>\r\n<\/div>\r\n<div data-field-wrapper=\"fld_6009157\" class=\"form-group\" id=\"fld_6009157_1-wrap\">\r\n\t<label id=\"fld_6009157Label\" for=\"fld_6009157_1\" class=\"control-label\">E-Mail Adresse <span aria-hidden=\"true\" role=\"presentation\" class=\"field_required\" style=\"color:#ee0000;\">*<\/span><\/label>\r\n\t<div class=\"\">\r\n\t\t<input   required type=\"email\" data-field=\"fld_6009157\" class=\"form-control\" id=\"fld_6009157_1\" name=\"fld_6009157\" value=\"\" data-type=\"email\" aria-required=\"true\"   aria-labelledby=\"fld_6009157Label\" >\t\t\t<\/div>\r\n<\/div>\r\n<\/div><\/div><div id=\"CF61aa4b598cf72_1-row-2\"  class=\"row\"><div  class=\"col-xs-12  single\"><div data-field-wrapper=\"fld_7683514\" class=\"form-group\" id=\"fld_7683514_1-wrap\">\r\n\t<label id=\"fld_7683514Label\" for=\"fld_7683514_1\" class=\"control-label\">Dein Anliegen <span aria-hidden=\"true\" role=\"presentation\" class=\"field_required\" style=\"color:#ee0000;\">*<\/span><\/label>\r\n\t<div class=\"\">\r\n\t\t<textarea name=\"fld_7683514\" value=\"\" data-field=\"fld_7683514\" class=\"form-control\" id=\"fld_7683514_1\" rows=\"7\"  required=\"required\"  aria-labelledby=\"fld_7683514Label\" ><\/textarea>\n\t\t\t<\/div>\r\n<\/div>\r\n<\/div><\/div><div id=\"CF61aa4b598cf72_1-row-3\"  class=\"row  last_row\"><div  class=\"col-xs-6  first_col\"><div data-field-wrapper=\"fld_7908577\" class=\"form-group\" id=\"fld_7908577_1-wrap\">\r\n<div class=\"\">\r\n\t<input  class=\"btn btn-default\" type=\"submit\" name=\"fld_7908577\" id=\"fld_7908577_1\" value=\"Abschicken\" data-field=\"fld_7908577\"  >\n<\/div>\r\n<\/div>\r\n\t<input class=\"button_trigger_1\" type=\"hidden\" name=\"fld_7908577\" id=\"fld_7908577_1_btn\" value=\"\" data-field=\"fld_7908577\"  \/>\n<\/div><div  class=\"col-xs-6  last_col\"><div data-field-wrapper=\"fld_3390558\" class=\"form-group\" id=\"fld_3390558_1-wrap\">\r\n\t<label id=\"fld_3390558Label\" for=\"fld_3390558_1\" class=\"control-label screen-reader-text sr-only\">privacy police<\/label>\r\n\t<div class=\"\">\r\n\t\t\t\t\t\t\t\t\t\t\t<div class=\"checkbox\">\n\t\t\t\t\n                <label                         for=\"fld_3390558_1_opt1913821\"\n                >\n                            <input\n                                data-parsley-required=\"true\" data-parsley-group=\"fld_3390558_1\" data-parsley-multiple=\"fld_3390558_1\"                                type=\"checkbox\"\n                                data-label=\"* I&#039;ve read the privacy policy and agree with it.\"\n                                data-field=\"fld_3390558\"\n                                id=\"fld_3390558_1_opt1913821\"\n                                class=\"fld_3390558_1 option-required\"\n                                name=\"fld_3390558[opt1913821]\"\n                                value=\"* I&#039;ve read the privacy policy and agree with it.\"\n                                                                data-type=\"checkbox\"\n                                data-checkbox-field=\"fld_3390558_1\"\n                                                                data-calc-value=\"I&#039;ve read the privacy policy and agree with it.\"\n                            >\n                    * Ich habe die Datenschutzerkl\u00e4rung gelesen und erkl\u00e4re mich damit einverstanden.                <\/label>\n\n                \t\t\t\t\t<\/div>\n\t\t\t\t\t\t\t\t\t\t\t<\/div>\r\n<\/div>\r\n<\/div><\/div><input type=\"hidden\" name=\"trp-form-language\" value=\"de\"\/><\/form>\r\n<\/div>\r\n\n\n\n\n<p><\/p>","protected":false},"excerpt":{"rendered":"<p>Imprint &amp; Contact Imprint and legal notices for the site elbionmusic.net according to german laws \u00a76TDG and \u00a710MDStV Service provider of this website is elbion musicAlbrecht NoltingMainhardter Str. 35DE-74535 Mainhardt USt-IdNr. according to \u00a727a UStG: DE190995990 Contact form<\/p>","protected":false},"author":1,"featured_media":0,"parent":0,"menu_order":0,"comment_status":"closed","ping_status":"closed","template":"","meta":{"neve_meta_sidebar":"","neve_meta_container":"default","neve_meta_enable_content_width":"on","neve_meta_content_width":90,"neve_meta_title_alignment":"center","neve_meta_author_avatar":"","neve_post_elements_order":"","neve_meta_disable_header":"","neve_meta_disable_footer":"","neve_meta_disable_title":""},"_links":{"self":[{"href":"https:\/\/elbionmusic.net\/de\/wp-json\/wp\/v2\/pages\/7"}],"collection":[{"href":"https:\/\/elbionmusic.net\/de\/wp-json\/wp\/v2\/pages"}],"about":[{"href":"https:\/\/elbionmusic.net\/de\/wp-json\/wp\/v2\/types\/page"}],"author":[{"embeddable":true,"href":"https:\/\/elbionmusic.net\/de\/wp-json\/wp\/v2\/users\/1"}],"replies":[{"embeddable":true,"href":"https:\/\/elbionmusic.net\/de\/wp-json\/wp\/v2\/comments?post=7"}],"version-history":[{"count":9,"href":"https:\/\/elbionmusic.net\/de\/wp-json\/wp\/v2\/pages\/7\/revisions"}],"predecessor-version":[{"id":1628,"href":"https:\/\/elbionmusic.net\/de\/wp-json\/wp\/v2\/pages\/7\/revisions\/1628"}],"wp:attachment":[{"href":"https:\/\/elbionmusic.net\/de\/wp-json\/wp\/v2\/media?parent=7"}],"curies":[{"name":"wp","href":"https:\/\/api.w.org\/{rel}","templated":true}]}}