{"id":6,"date":"2021-12-02T15:32:29","date_gmt":"2021-12-02T14:32:29","guid":{"rendered":"https:\/\/elbionmusic.net\/?page_id=6"},"modified":"2022-07-21T10:51:23","modified_gmt":"2022-07-21T08:51:23","slug":"ueber-uns","status":"publish","type":"page","link":"https:\/\/elbionmusic.net\/de\/ueber-uns\/","title":{"rendered":"about"},"content":{"rendered":"<p><\/p>\n\n\n\n<p>  <\/p>\n\n\n\n<div class=\"wp-block-image\"><figure class=\"aligncenter size-full is-resized\"><img loading=\"lazy\" src=\"https:\/\/elbionmusic.net\/wp-content\/uploads\/2021\/12\/elbion-music-logo_hoch-elf-right.png\" alt=\"\" class=\"wp-image-106\" width=\"532\" height=\"287\"\/><\/figure><\/div>\n\n\n<h3 style=\"text-align: center;\">\u00dcber Uns<\/h3>\n\n\n<hr class=\"wp-block-separator\"\/>\n\n\n\n<div class=\"wp-block-columns\">\n<div class=\"wp-block-column is-vertically-aligned-top\">\n<figure class=\"wp-block-image size-full is-resized\"><img loading=\"lazy\" src=\"https:\/\/elbionmusic.net\/wp-content\/uploads\/2021\/12\/grades-4733966.jpg\" alt=\"\" class=\"wp-image-409\" width=\"349\" height=\"232\" srcset=\"https:\/\/elbionmusic.net\/wp-content\/uploads\/2021\/12\/grades-4733966.jpg 500w, https:\/\/elbionmusic.net\/wp-content\/uploads\/2021\/12\/grades-4733966-300x200.jpg 300w, https:\/\/elbionmusic.net\/wp-content\/uploads\/2021\/12\/grades-4733966-18x12.jpg 18w\" sizes=\"(max-width: 349px) 100vw, 349px\" \/><\/figure>\n\n\n\n<p>Hallo, willkommen bei <strong>elbion music<\/strong> ! Was auch immer Dich hierher brachte, es hat mit Deiner Liebe zur Musik zu tun.<\/p>\n<\/div>\n\n\n\n<div class=\"wp-block-column\">\n<figure class=\"wp-block-image size-full is-resized is-style-default\"><img loading=\"lazy\" src=\"https:\/\/elbionmusic.net\/wp-content\/uploads\/2021\/12\/studio-01.jpg\" alt=\"\" class=\"wp-image-410\" width=\"350\" height=\"232\" srcset=\"https:\/\/elbionmusic.net\/wp-content\/uploads\/2021\/12\/studio-01.jpg 500w, https:\/\/elbionmusic.net\/wp-content\/uploads\/2021\/12\/studio-01-300x200.jpg 300w, https:\/\/elbionmusic.net\/wp-content\/uploads\/2021\/12\/studio-01-18x12.jpg 18w\" sizes=\"(max-width: 350px) 100vw, 350px\" \/><\/figure>\n\n\n\n<p>Dies haben wir gemeinsam, diese Leidenschaft teilen wir miteinander. Daher nochmals und umso mehr: Herzlich willkommen!<\/p>\n\n\n\n<p><\/p>\n<\/div>\n\n\n\n<div class=\"wp-block-column\">\n<figure class=\"wp-block-image size-full is-resized is-style-default\"><img loading=\"lazy\" src=\"https:\/\/elbionmusic.net\/wp-content\/uploads\/2021\/12\/chopin-62928.jpg\" alt=\"\" class=\"wp-image-411\" width=\"350\" height=\"232\" srcset=\"https:\/\/elbionmusic.net\/wp-content\/uploads\/2021\/12\/chopin-62928.jpg 500w, https:\/\/elbionmusic.net\/wp-content\/uploads\/2021\/12\/chopin-62928-300x200.jpg 300w, https:\/\/elbionmusic.net\/wp-content\/uploads\/2021\/12\/chopin-62928-18x12.jpg 18w\" sizes=\"(max-width: 350px) 100vw, 350px\" \/><\/figure>\n\n\n\n<p><strong data-rich-text-format-boundary=\"true\">elbion music<\/strong> ist ein kleiner Selbstverlag f\u00fcr Musiknoten, CDs und downloadbare Musiktitel. Gegr\u00fcndet um meine musikalische Arbeit zu verbreiten.<\/p>\n\n\n\n<p><\/p>\n<\/div>\n<\/div>\n\n\n\n<div class=\"wp-block-columns\">\n<div class=\"wp-block-column\">\n<p>Mein b\u00fcrgerlicher Name ist <strong>Albrecht Nolting<\/strong>. Ich lebe im S\u00fcden Deutschlands und habe Musik, Kunst und Medienwissenschaft studiert. Seit meinem zehnten Lebensjahr spiele ich Klavier. Im Alter von ungef\u00e4hr 15 begann ich meine ersten eigenen kleinen Klavierst\u00fccke zu schreiben und begann, mir ein wenig die Improvisation auf dem Klavier beizubringen. Mit 20 erstand ich einen Mehrspur-Synthesizer und begann mit Arrangements meiner Ideen, die noch heute  meist zuerst am Klavier entstehen.<\/p>\n<\/div>\n\n\n\n<div class=\"wp-block-column\">\n<figure class=\"wp-block-image size-full is-resized is-style-default\"><img loading=\"lazy\" src=\"https:\/\/elbionmusic.net\/wp-content\/uploads\/2021\/12\/me02-co_500py.jpg\" alt=\"\" class=\"wp-image-422\" width=\"332\" height=\"251\" srcset=\"https:\/\/elbionmusic.net\/wp-content\/uploads\/2021\/12\/me02-co_500py.jpg 500w, https:\/\/elbionmusic.net\/wp-content\/uploads\/2021\/12\/me02-co_500py-300x227.jpg 300w, https:\/\/elbionmusic.net\/wp-content\/uploads\/2021\/12\/me02-co_500py-16x12.jpg 16w\" sizes=\"(max-width: 332px) 100vw, 332px\" \/><\/figure>\n<\/div>\n\n\n\n<div class=\"wp-block-column\">\n<p>Meine Kompositionen f\u00fcr Klavier ver\u00f6ffentliche ich in der Regel unter meinem richtigen Namen.<br data-rich-text-line-break=\"true\" \/>Meine Arbeiten im Bereich Filmmusik oder elektronischer Musik ver\u00f6ffentliche ich unter meinem Pseudonym <strong>elbion<\/strong>.<\/p>\n<\/div>\n<\/div>\n\n\n<p>Als Naturmensch ziehe ich viel Inspiration f\u00fcr meine sch\u00f6pferische Arbeit aus dem Kontakt zu Mutter Erde. Neben meinem Dasein als Musiker und K\u00fcnstler bin ich auch Bergwanderer, Kletterer, Seekajaker, Forscher, Reisender, Fotograf, Maler, Lehrer ...<br data-rich-text-line-break=\"true\"><br data-rich-text-line-break=\"true\">Stets voller Neugier, stets voller Staunen und mit einem Blick und Sinn f\u00fcr die sch\u00f6nen und magischen Seiten des Lebens versuche ich, diese Gef\u00fchle in meine Musik und meine anderen Arbeiten zu legen.<\/p>\n\n\n<p><br><strong>Preise<\/strong><\/p>\n\n\n\n<ul><li>2013 - Bestes Musik Video. Filmmusik f\u00fcr den Kurzfilm \"Peace Awaits\". Columbia Gorge Film Festival.<\/li><li>2014 - Bestes Musik Video. Filmmusik f\u00fcr den Kurzfilm \"Peace Awaits\". Yosemite International Film Festival.<\/li><li>2014 - Beste Kurz-Dokumentation. Filmmusik f\u00fcr den Kurzfilm \"Up River\" von Francine Dennis. Home Grown Film Festival.<\/li><li>2015 - Beste Kurz-Dokumentation. Filmmusik f\u00fcr den Kurzfilm \"Up River\" von Francine Dennis. Columboia Gorge Film Festival.<\/li><\/ul>\n\n\n<p>Ich freue mich \u00fcber eine <strong><a style=\"text-decoration: none; color: #1e1e1e;\" href=\"https:\/\/elbionmusic.net\/de\/kontakt\/\">Kontaktaufnahme<\/a><\/strong> , wenn Du an gemeinsamen Projekten interessiert bist oder einfach \"nur\" Filmmusik oder Musik f\u00fcr andere Zwecke ben\u00f6tigst.<\/p>\n\n\n<p><\/p>\n\n\n\n<div class=\"wp-block-columns\">\n<div class=\"wp-block-column\" style=\"flex-basis:50%\">\n<p><\/p>\n<\/div>\n<\/div>","protected":false},"excerpt":{"rendered":"<p>About Us Hi, welcome at elbion music publishing house! Whatever may have brought You here, it will be about Your love for music. This is what we have in common, what we share. So even more and once again: Welcome! elbion music is a small self publishing house for sheet music, CDs &amp; download music,&hellip;&nbsp;<a href=\"https:\/\/elbionmusic.net\/de\/ueber-uns\/\" class=\"\" rel=\"bookmark\">Weiterlesen &raquo;<span class=\"screen-reader-text\">about<\/span><\/a><\/p>","protected":false},"author":1,"featured_media":0,"parent":0,"menu_order":0,"comment_status":"closed","ping_status":"closed","template":"","meta":{"neve_meta_sidebar":"","neve_meta_container":"","neve_meta_enable_content_width":"on","neve_meta_content_width":90,"neve_meta_title_alignment":"center","neve_meta_author_avatar":"","neve_post_elements_order":"","neve_meta_disable_header":"","neve_meta_disable_footer":"","neve_meta_disable_title":""},"_links":{"self":[{"href":"https:\/\/elbionmusic.net\/de\/wp-json\/wp\/v2\/pages\/6"}],"collection":[{"href":"https:\/\/elbionmusic.net\/de\/wp-json\/wp\/v2\/pages"}],"about":[{"href":"https:\/\/elbionmusic.net\/de\/wp-json\/wp\/v2\/types\/page"}],"author":[{"embeddable":true,"href":"https:\/\/elbionmusic.net\/de\/wp-json\/wp\/v2\/users\/1"}],"replies":[{"embeddable":true,"href":"https:\/\/elbionmusic.net\/de\/wp-json\/wp\/v2\/comments?post=6"}],"version-history":[{"count":10,"href":"https:\/\/elbionmusic.net\/de\/wp-json\/wp\/v2\/pages\/6\/revisions"}],"predecessor-version":[{"id":1857,"href":"https:\/\/elbionmusic.net\/de\/wp-json\/wp\/v2\/pages\/6\/revisions\/1857"}],"wp:attachment":[{"href":"https:\/\/elbionmusic.net\/de\/wp-json\/wp\/v2\/media?parent=6"}],"curies":[{"name":"wp","href":"https:\/\/api.w.org\/{rel}","templated":true}]}}