{"id":5,"date":"2021-12-02T15:32:29","date_gmt":"2021-12-02T14:32:29","guid":{"rendered":"https:\/\/elbionmusic.net\/?page_id=5"},"modified":"2025-04-22T12:55:37","modified_gmt":"2025-04-22T10:55:37","slug":"elbion-music","status":"publish","type":"page","link":"https:\/\/elbionmusic.net\/de\/","title":{"rendered":"Startseite"},"content":{"rendered":"<p><\/p>\n\n\n\n<div class=\"wp-block-image\"><figure class=\"aligncenter size-large is-resized\"><img loading=\"lazy\" src=\"https:\/\/elbionmusic.net\/wp-content\/uploads\/2021\/12\/elbion-music-logo_hoch-elf-right-1024x557.png\" alt=\"elbion music\" class=\"wp-image-106\" width=\"537\" height=\"290\"\/><\/figure><\/div>\n\n\n\n<h3 class=\"alignwide has-text-align-center has-text-align-wide has-gigantic-font-size\" style=\"line-height:1.1\"> Musik f\u00fcr Klavierspieler, Filmemacher &amp; Musikliebhaber<\/h3>\n\n\n\n<hr class=\"wp-block-separator\"\/>\n\n\n<h2 style=\"text-align: center;\"><strong>Muse<\/strong><\/h2>\n<p style=\"text-align: center;\">- Klaviernotenband \/ Klavier solo -<\/p>\n\n\n<div class=\"wp-block-columns\">\n<div class=\"wp-block-column\" style=\"flex-basis:33.33%\">\n<div class=\"wp-block-image\"><figure class=\"aligncenter size-full\"><img loading=\"lazy\" width=\"500\" height=\"707\" src=\"https:\/\/elbionmusic.net\/wp-content\/uploads\/2024\/10\/cover_Muse_front_jpg-version_rot_500px.jpg\" alt=\"\" class=\"wp-image-2177\" srcset=\"https:\/\/elbionmusic.net\/wp-content\/uploads\/2024\/10\/cover_Muse_front_jpg-version_rot_500px.jpg 500w, https:\/\/elbionmusic.net\/wp-content\/uploads\/2024\/10\/cover_Muse_front_jpg-version_rot_500px-212x300.jpg 212w, https:\/\/elbionmusic.net\/wp-content\/uploads\/2024\/10\/cover_Muse_front_jpg-version_rot_500px-8x12.jpg 8w, https:\/\/elbionmusic.net\/wp-content\/uploads\/2024\/10\/cover_Muse_front_jpg-version_rot_500px-300x424.jpg 300w\" sizes=\"(max-width: 500px) 100vw, 500px\" \/><figcaption><a href=\"https:\/\/elbionmusic.net\/wp-content\/uploads\/2024\/10\/Muse-9-pieces-for-piano-solo-preview.pdf\" target=\"_blank\" rel=\"noreferrer noopener\">Anklicken f\u00fcr Vorschau<\/a><\/figcaption><\/figure><\/div>\n\n\n\n<p><\/p>\n<\/div>\n\n\n\n<div class=\"wp-block-column\" style=\"flex-basis:66.66%\">\n<p><strong>Muse - 9 St\u00fccke f\u00fcr Klavier<\/strong> von Albrecht Nolting<br>44 Seiten, 38 Seiten Inhalt. Schwierigkeitsgrade (basierend auf den <a href=\"https:\/\/www.henle.de\/en\/about-us\/levels-of-difficulty-piano\/\" target=\"_blank\" rel=\"noopener\">Schwierigkeitsgraden des G.Henle Musikverlags<\/a>) von 3 (leicht) bis 6 (germ\u00e4\u00dfigt schwierig). Reinh\u00f6ren in den sound von \"Muse\" auf unserer -&gt; <a href=\"https:\/\/elbionmusic.net\/de\/sheet-music\/\">Noten-Seite<\/a>.<\/p>\n<p>ISMN: 979-0-9000156-0-0&nbsp; \u2013&nbsp; elbion music 2024<\/p>\n<p><strong>Inhalt<\/strong><\/p>\n<p><strong>1. Thalia \u2013 Butterflies<\/strong> - Es Dur - 10S.<br><strong>2. Polyhymnia \u2013 Morning Prayer<\/strong> - C Dur - 2S.<br><strong>3. Klio \u2013 Progressions<\/strong> - e moll - 6 S.<br><strong>4. Melpomene \u2013 November Rain<\/strong> - A moll - 4S.<br><strong>5. Erato \u2013 Shivers<\/strong> - G moll - 4S.<br><strong>6. Kalliope \u2013 Dream On<\/strong> - H moll - 5S.<br><strong>7. Euterpe \u2013 Petit Nocturne<\/strong> - B moll - 1 S.<br><strong>8. Urania \u2013 Floating Away<\/strong> - c moll - 3 S.<br><strong>9. Terpsichore \u2013 Nocturne<\/strong> - G moll - 3S.<\/p>\n\n\n\n<p>Wahlweise kann <strong>der gesamte Notenband<\/strong> als Druckerzeugnis (Printversion) oder als PDF-Datei zum Download erworben werden. Au\u00dferdem ist es auch m\u00f6glich, <strong>nur einzelne St\u00fccke<\/strong> aus \"Muse\" als PDF-Download zu erwerben: -&gt; <a href=\"https:\/\/elbionmusic.net\/de\/sheet-music\/\">Noten-Seite<\/a>.<\/p>\n<\/div>\n<\/div>\n\n\n\n<div class=\"wp-block-columns\">\n<div class=\"wp-block-column\" style=\"flex-basis:66.66%\">\n<p><strong>Preis f\u00fcr die Druckversion: 14,90\u20ac <\/strong>(UmSt.-befreit), zuz\u00fcglich Versand (innerhalb Deutschlands 3,90\u20ac \/ alle anderen L\u00e4nder 4,90\u20ac. Bedingungen f\u00fcr kostenfreien Versand <a href=\"https:\/\/elbionmusic.net\/de\/agb\/\">hier klicken<\/a>.)<\/p>\n<\/div>\n\n\n\n<div class=\"wp-block-column\" style=\"flex-basis:33.33%\">\n<p class=\"product woocommerce add_to_cart_inline\" style=\"border:0px solid #ccc; padding: 10px; text-align: center;\"><a href=\"?add-to-cart=2178\" data-quantity=\"1\" class=\"button product_type_simple add_to_cart_button ajax_add_to_cart\" data-product_id=\"2178\" data-product_sku=\"em24012\" aria-label=\"\u201eMuse - 9 pieces for piano solo \/ musicbook print version\u201c zu deinem Warenkorb hinzuf\u00fcgen\" rel=\"nofollow\" data-no-translation=\"\" data-trp-gettext=\"\" data-no-translation-aria-label=\"\">In den Warenkorb<\/a><\/p>\n<\/div>\n<\/div>\n\n\n\n<div class=\"wp-block-columns\">\n<div class=\"wp-block-column\" style=\"flex-basis:66.66%\">\n<p><strong>Preis f\u00fcr PDF Version zum download: 9,90\u20ac <\/strong>(UmSt.-befreit)<\/p>\n<\/div>\n\n\n\n<div class=\"wp-block-column\" style=\"flex-basis:33.33%\">\n<p class=\"product woocommerce add_to_cart_inline\" style=\"border:0px solid #ccc; padding: 10px; text-align: center;\"><a href=\"?add-to-cart=2179\" data-quantity=\"1\" class=\"button product_type_simple add_to_cart_button ajax_add_to_cart\" data-product_id=\"2179\" data-product_sku=\"em24013\" aria-label=\"\u201eMuse - 9 pieces for piano solo \/ PDF download version\u201c zu deinem Warenkorb hinzuf\u00fcgen\" rel=\"nofollow\" data-no-translation=\"\" data-trp-gettext=\"\" data-no-translation-aria-label=\"\">In den Warenkorb<\/a><\/p>\n<\/div>\n<\/div>\n\n\n\n<div class=\"wp-block-columns\">\n<div class=\"wp-block-column\" style=\"flex-basis:66.66%\">\n<p><strong>Preis f\u00fcr das MP3 Download Album: 9,90\u20ac <\/strong>(UmSt.-befreit)<strong><br \/><\/strong><\/p>\n<\/div>\n\n\n\n<div class=\"wp-block-column\" style=\"flex-basis:33.33%\">\n<p class=\"product woocommerce add_to_cart_inline\" style=\"border:0px solid #ccc; padding: 10px; text-align: center;\"><a href=\"?add-to-cart=2181\" data-quantity=\"1\" class=\"button product_type_simple add_to_cart_button ajax_add_to_cart\" data-product_id=\"2181\" data-product_sku=\"em21003-1\" aria-label=\"\u201eMuse - 9 pieces for piano solo \/ MP3 audio download album \u266a\u201c zu deinem Warenkorb hinzuf\u00fcgen\" rel=\"nofollow\" data-no-translation=\"\" data-trp-gettext=\"\" data-no-translation-aria-label=\"\">In den Warenkorb<\/a><\/p>\n<\/div>\n<\/div>\n\n\n\n<hr class=\"wp-block-separator\"\/>\n\n\n\n<h2 class=\"has-text-align-center\"><strong>Tales from Planet Earth<\/strong><\/h2>\n\n\n\n<p class=\"has-text-align-center\">Audio-CD \/ Download Album von elbion \/ 13 St\u00fccke \/ 75min.<\/p>\n\n\n\n<div class=\"wp-block-columns\">\n<div class=\"wp-block-column\">\n<figure class=\"wp-block-image size-full\"><img loading=\"lazy\" width=\"500\" height=\"464\" src=\"https:\/\/elbionmusic.net\/wp-content\/uploads\/2021\/12\/TalesFromPlanetEarth_CD-Front.jpg\" alt=\"CD - Tales from Planet Earth\" class=\"wp-image-112\" srcset=\"https:\/\/elbionmusic.net\/wp-content\/uploads\/2021\/12\/TalesFromPlanetEarth_CD-Front.jpg 500w, https:\/\/elbionmusic.net\/wp-content\/uploads\/2021\/12\/TalesFromPlanetEarth_CD-Front-300x278.jpg 300w\" sizes=\"(max-width: 500px) 100vw, 500px\" \/><figcaption><a href=\"https:\/\/elbionmusic.net\/de\/cds\/\">Hier in den sound der \"Tales from Planet Earth\" hineinh\u00f6ren<\/a><\/figcaption><\/figure>\n<\/div>\n\n\n\n<div class=\"wp-block-column\">\n<div class=\"wp-block-column\">\n<p><strong>Inhalt<\/strong><\/p>\n<ol>\n<li><strong>Genesis<\/strong> \u2013 6\u201949\u201d<\/li>\n<li><strong>A new Day<\/strong> \u2013 4\u201908\u201d<\/li>\n<li><strong>Lullaby for the Moon<\/strong> \u2013 4\u201915\u201d<\/li>\n<li><strong>Iridicent Clouds<\/strong> \u2013 3\u201929\u201d<\/li>\n<li><strong>Dripping Water<\/strong>&nbsp; 4\u201920\u201d<\/li>\n<li><strong>The Mistress of the Rivers<\/strong> \u2013 4\u201912\u201d<\/li>\n<li><strong>Blooming<\/strong> \u2013 3\u201957\u201d<\/li>\n<li><strong>Autumn Gold<\/strong> \u2013 5\u201902\u201d<\/li>\n<li><strong>Hymne for a new Earthling<\/strong> \u2013 4\u201920\u201d<\/li>\n<li><strong>Dream Dance<\/strong> \u2013 8\u201910\u201d<\/li>\n<li><strong>The Circle of Life<\/strong> \u2013 6\u201912\u201d<\/li>\n<li><strong>Prelude pour les Elfes<\/strong> \u2013 6\u201951\u201d<\/li>\n<li><strong>Over the Sea and far away<\/strong> \u2013 13\u201928\u201d\n<\/li>\n<\/ol>\n<p>GTIN 4170000022596<\/p>\n<\/div>\n<\/div>\n<\/div>\n\n\n\n<div class=\"wp-block-columns\">\n<div class=\"wp-block-column\" style=\"flex-basis:66.66%\">\n<p><strong>Preis f\u00fcr die CD: 15,00\u20ac<\/strong> (UmSt.-befreit, zzgl. Versandkosten (2,90\u20ac innerhalb Deutschlands; 4,90\u20ac weltweit)<\/p>\n<\/div>\n\n\n\n<div class=\"wp-block-column\" style=\"flex-basis:33.33%\">\n<p class=\"product woocommerce add_to_cart_inline\" style=\"border:0px solid #ccc; padding: 10px; text-align: center;\"><a href=\"?add-to-cart=971\" data-quantity=\"1\" class=\"button product_type_simple add_to_cart_button ajax_add_to_cart\" data-product_id=\"971\" data-product_sku=\"em21004\" aria-label=\"\u201eTales from Planet Earth - Audio CD by elbion\u201c zu deinem Warenkorb hinzuf\u00fcgen\" rel=\"nofollow\" data-no-translation=\"\" data-trp-gettext=\"\" data-no-translation-aria-label=\"\">In den Warenkorb<\/a><\/p>\n<\/div>\n<\/div>\n\n\n\n<div class=\"wp-block-columns\">\n<div class=\"wp-block-column\" style=\"flex-basis:66.66%\">\n<p><strong>Preis f\u00fcr das MP3 Download Album: 9,90\u20ac <\/strong>(UmSt.-befreit) (121MB, Samplingqualit\u00e4t von 192kbs bis 256kbs)<\/p>\n<\/div>\n\n\n\n<div class=\"wp-block-column\" style=\"flex-basis:33.33%\">\n<p class=\"product woocommerce add_to_cart_inline\" style=\"border:0px solid #ccc; padding: 10px; text-align: center;\"><a href=\"?add-to-cart=990\" data-quantity=\"1\" class=\"button product_type_simple add_to_cart_button ajax_add_to_cart\" data-product_id=\"990\" data-product_sku=\"em21005\" aria-label=\"\u201eTales from Planet Earth - MP3 download album \u266a\u201c zu deinem Warenkorb hinzuf\u00fcgen\" rel=\"nofollow\" data-no-translation=\"\" data-trp-gettext=\"\" data-no-translation-aria-label=\"\">In den Warenkorb<\/a><\/p>\n<\/div>\n<\/div>\n\n\n\n<hr class=\"wp-block-separator\"\/>\n\n\n\n<h2 class=\"has-text-align-center\"><strong>Fragments<\/strong><\/h2>\n\n\n\n<p class=\"has-text-align-center\">- Klaviernotenband \/ Klavier solo -<\/p>\n\n\n\n<div class=\"wp-block-columns\">\n<div class=\"wp-block-column\" style=\"flex-basis:33.33%\">\n<figure class=\"wp-block-image size-full\"><img loading=\"lazy\" width=\"400\" height=\"563\" src=\"https:\/\/elbionmusic.net\/wp-content\/uploads\/2021\/12\/cover_fragmente_one-layer_400px.jpg\" alt=\"Fragments - Piano Sheet Music\" class=\"wp-image-492\" srcset=\"https:\/\/elbionmusic.net\/wp-content\/uploads\/2021\/12\/cover_fragmente_one-layer_400px.jpg 400w, https:\/\/elbionmusic.net\/wp-content\/uploads\/2021\/12\/cover_fragmente_one-layer_400px-300x422.jpg 300w, https:\/\/elbionmusic.net\/wp-content\/uploads\/2021\/12\/cover_fragmente_one-layer_400px-213x300.jpg 213w, https:\/\/elbionmusic.net\/wp-content\/uploads\/2021\/12\/cover_fragmente_one-layer_400px-9x12.jpg 9w\" sizes=\"(max-width: 400px) 100vw, 400px\" \/><figcaption><a href=\"https:\/\/elbionmusic.net\/wp-content\/uploads\/2021\/12\/Fragments-Preview-Watermark.pdf\">Anklicken f\u00fcr Vorschau<\/a><\/figcaption><\/figure>\n<\/div>\n\n\n\n<div class=\"wp-block-column\" style=\"flex-basis:66.66%\">\n<p><strong>Fragments - 12 St\u00fccke f\u00fcr Klavier solo<\/strong> von Albrecht Nolting<br>48 Seiten, 44 Seiten Inhalt. Schwierigkeitsgrade (basierend auf den <a href=\"https:\/\/www.henle.de\/en\/about-us\/levels-of-difficulty-piano\/\" target=\"_blank\" rel=\"noopener\">Schwierigkeitsgraden des G.Henle Musikverlags<\/a>) von 3 (leicht) bis 7 (moderat schwierig).<\/p>\n<p>ISMN: 979-0-000-00256-2&nbsp; \u2013&nbsp; elbion music 2021<\/p>\n<p><strong>Inhalt<\/strong><\/p>\n<p>&nbsp; 1. <strong>Prelude pour une Elfe<\/strong> - a moll - 5S.<br>&nbsp; 2. <strong>Winter Fire<\/strong> - h moll - 2S.<br>&nbsp; 3. <strong>Pianissimo<\/strong> - G moll - 3S.<br>&nbsp; 4. <strong>Coming Back<\/strong> - e moll - 5 S.<br>&nbsp; 5. <strong>Jinger<\/strong> - c moll - 4S.<br>&nbsp; 6. <strong>Pianissimo II<\/strong> - F Dur - 3S.<br>&nbsp; 7. <strong>Noas Waltz<\/strong> - C Dur - 2S.<br>&nbsp; 8. <strong>River Elf<\/strong> - gis moll - 5S.<br>&nbsp; 9. <strong>Autumn Gold<\/strong> - c moll - 4S.<br>10. <strong>Claire\u2019s Theme<\/strong> - e moll - 5 S.<br>11. <strong>Song without Words<\/strong> \u2013 F minor \u2013 3pp<br>12. <strong>No. 9<\/strong> - G Dur - 3S.<\/p>\n<p>Wahlweise kann <strong>der gesamte Notenband<\/strong> als Druckerzeugnis (Printversion) oder als PDF-Datei zum Download erworben werden. Au\u00dferdem ist es auch m\u00f6glich, <strong>nur einzelne St\u00fccke<\/strong> aus \"Fragments\" als PDF-Datei zum Download zu erwerben.&nbsp;<\/p>\n<\/div>\n<\/div>\n\n\n\n<div class=\"wp-block-columns\">\n<div class=\"wp-block-column\" style=\"flex-basis:66.66%\">\n<p><strong>Preis f\u00fcr die Druckversion: 16,90\u20ac <\/strong>(UmSt.-befreit), zuz\u00fcglich Versand (innerhalb Deutschlands 3,90\u20ac \/ alle anderen L\u00e4nder 4,90\u20ac. Bedingungen f\u00fcr kostenfreien Versand <a href=\"https:\/\/elbionmusic.net\/de\/agb\/\">hier klicken<\/a>.)<\/p>\n<\/div>\n\n\n\n<div class=\"wp-block-column\" style=\"flex-basis:33.33%\">\n<p class=\"product woocommerce add_to_cart_inline\" style=\"border:0px solid #ccc; padding: 10px; text-align: center;\"><a href=\"?add-to-cart=920\" data-quantity=\"1\" class=\"button product_type_simple add_to_cart_button ajax_add_to_cart\" data-product_id=\"920\" data-product_sku=\"em21001\" aria-label=\"\u201eFragments - 12 pieces for piano solo \/ musicbook print version\u201c zu deinem Warenkorb hinzuf\u00fcgen\" rel=\"nofollow\" data-no-translation=\"\" data-trp-gettext=\"\" data-no-translation-aria-label=\"\">In den Warenkorb<\/a><\/p>\n<\/div>\n<\/div>\n\n\n\n<div class=\"wp-block-columns\">\n<div class=\"wp-block-column\" style=\"flex-basis:66.66%\">\n<p><strong>Preis f\u00fcr PDF Version zum download: 9,90\u20ac <\/strong>(UmSt.-befreit)<\/p>\n<\/div>\n\n\n\n<div class=\"wp-block-column\" style=\"flex-basis:33.33%\">\n<p class=\"product woocommerce add_to_cart_inline\" style=\"border:0px solid #ccc; padding: 10px; text-align: center;\"><a href=\"?add-to-cart=922\" data-quantity=\"1\" class=\"button product_type_simple add_to_cart_button ajax_add_to_cart\" data-product_id=\"922\" data-product_sku=\"em21002\" aria-label=\"\u201eFragments - 12 pieces for piano solo \/ PDF download version\u201c zu deinem Warenkorb hinzuf\u00fcgen\" rel=\"nofollow\" data-no-translation=\"\" data-trp-gettext=\"\" data-no-translation-aria-label=\"\">In den Warenkorb<\/a><\/p>\n<\/div>\n<\/div>\n\n\n\n<div class=\"wp-block-columns\">\n<div class=\"wp-block-column\" style=\"flex-basis:66.66%\">\n<p><strong>Preis f\u00fcr das MP3 Download Album: 9,90\u20ac <\/strong>(UmSt.-befreit)<strong><br \/><\/strong><\/p>\n<\/div>\n\n\n\n<div class=\"wp-block-column\" style=\"flex-basis:33.33%\">\n<p class=\"product woocommerce add_to_cart_inline\" style=\"border:0px solid #ccc; padding: 10px; text-align: center;\"><a href=\"?add-to-cart=946\" data-quantity=\"1\" class=\"button product_type_simple add_to_cart_button ajax_add_to_cart\" data-product_id=\"946\" data-product_sku=\"em21003\" aria-label=\"\u201eFragments - 12 pieces for piano solo \/ MP3 audio download album \u266a\u201c zu deinem Warenkorb hinzuf\u00fcgen\" rel=\"nofollow\" data-no-translation=\"\" data-trp-gettext=\"\" data-no-translation-aria-label=\"\">In den Warenkorb<\/a><\/p>\n<\/div>\n<\/div>\n\n\n\n<div class=\"wp-block-columns\"><\/div>\n\n\n\n<hr class=\"wp-block-separator\"\/>\n\n\n\n<h2 class=\"has-text-align-center\">Give-Aways !<\/h2>\n\n\n\n<p class=\"has-text-align-center\">Einfach in den Warenkorb legen. Beim checkout wird der regul\u00e4re Betrag f\u00fcr die Artikel im letzten Schritt auf null gesetzt.<\/p>\n\n\n\n<div class=\"wp-block-columns\">\n<div class=\"wp-block-column\">\n<div class=\"wp-block-image\"><figure class=\"aligncenter size-full\"><img loading=\"lazy\" width=\"500\" height=\"685\" src=\"https:\/\/elbionmusic.net\/wp-content\/uploads\/2021\/12\/07_NoasWaltz.jpg\" alt=\"Noas Waltz\" class=\"wp-image-651\" srcset=\"https:\/\/elbionmusic.net\/wp-content\/uploads\/2021\/12\/07_NoasWaltz.jpg 500w, https:\/\/elbionmusic.net\/wp-content\/uploads\/2021\/12\/07_NoasWaltz-300x411.jpg 300w, https:\/\/elbionmusic.net\/wp-content\/uploads\/2021\/12\/07_NoasWaltz-219x300.jpg 219w, https:\/\/elbionmusic.net\/wp-content\/uploads\/2021\/12\/07_NoasWaltz-9x12.jpg 9w\" sizes=\"(max-width: 500px) 100vw, 500px\" \/><\/figure><\/div>\n\n\n\n<h3 class=\"product_title entry-title\" style=\"text-align: center;\">Noas Waltz<\/h3>\n<p class=\"product_title entry-title\" style=\"text-align: center;\">Klaviernoten in C-Dur f\u00fcr Klavier solo \/ PDF Download<br>Klaviernoten von Albrecht Nolting \/ 2 Seiten<br>St\u00fcck No. 7 aus dem Notenband \"Fragments\"<br>Noten als PDF-Download: Ausdrucken &amp; Spielen! \ud83d\ude42 <img class=\"emoji\" role=\"img\" draggable=\"false\" src=\"https:\/\/s.w.org\/images\/core\/emoji\/13.1.0\/svg\/1f642.svg\" alt=\"\ud83d\ude42\"><\/p>\n\n\n\n<figure class=\"wp-block-audio\"><audio controls src=\"https:\/\/elbionmusic.net\/wp-content\/uploads\/2021\/12\/07-NoasWaltz-Prelisten.mp3\"><\/audio><\/figure>\n\n\n\n<p style=\"text-align: center;\"><p class=\"product woocommerce add_to_cart_inline\" style=\"border:0px solid #ccc; padding: 10px; text-align: center;\"><a href=\"?add-to-cart=1014\" data-quantity=\"1\" class=\"button product_type_simple add_to_cart_button ajax_add_to_cart\" data-product_id=\"1014\" data-product_sku=\"em21012\" aria-label=\"\u201eNoas Waltz - sheet music in C major for piano solo \/ PDF download\u201c zu deinem Warenkorb hinzuf\u00fcgen\" rel=\"nofollow\" data-no-translation=\"\" data-trp-gettext=\"\" data-no-translation-aria-label=\"\">In den Warenkorb<\/a><\/p><\/p>\n<\/div>\n\n\n\n<div class=\"wp-block-column\">\n<div class=\"wp-block-image\"><figure class=\"aligncenter size-full\"><img loading=\"lazy\" width=\"500\" height=\"685\" src=\"https:\/\/elbionmusic.net\/wp-content\/uploads\/2021\/12\/05_Jinger.jpg\" alt=\"Jinger\" class=\"wp-image-653\" srcset=\"https:\/\/elbionmusic.net\/wp-content\/uploads\/2021\/12\/05_Jinger.jpg 500w, https:\/\/elbionmusic.net\/wp-content\/uploads\/2021\/12\/05_Jinger-300x411.jpg 300w, https:\/\/elbionmusic.net\/wp-content\/uploads\/2021\/12\/05_Jinger-219x300.jpg 219w, https:\/\/elbionmusic.net\/wp-content\/uploads\/2021\/12\/05_Jinger-9x12.jpg 9w\" sizes=\"(max-width: 500px) 100vw, 500px\" \/><\/figure><\/div>\n\n\n\n<h3 style=\"text-align: center;\">Jinger<\/h3>\n<p style=\"text-align: center;\">MP3 Audio Datei mit 256kbs \/ 2:50min \/ 5,24 MB<br>Audio file as completion to the&nbsp; correspondend sheet music. For piano players &amp; students as helpful completion while gathering the piece <strong>Jinger<\/strong>.<\/p>\n\n\n\n<figure class=\"wp-block-audio\"><audio controls src=\"https:\/\/elbionmusic.net\/wp-content\/uploads\/2021\/12\/05-Jinger-Prelisten.mp3\"><\/audio><\/figure>\n\n\n\n<p style=\"text-align: center;\"><p class=\"product woocommerce add_to_cart_inline\" style=\"border:0px solid #ccc; padding: 10px; text-align: center;\"><a href=\"?add-to-cart=1074\" data-quantity=\"1\" class=\"button product_type_simple add_to_cart_button ajax_add_to_cart\" data-product_id=\"1074\" data-product_sku=\"em21022\" aria-label=\"\u201eJinger - MP3 audio file \u266a\u201c zu deinem Warenkorb hinzuf\u00fcgen\" rel=\"nofollow\" data-no-translation=\"\" data-trp-gettext=\"\" data-no-translation-aria-label=\"\">In den Warenkorb<\/a><\/p><\/p>\n<\/div>\n<\/div>\n\n\n\n<hr class=\"wp-block-separator\"\/>\n\n\n<h2 style=\"text-align: center;\">elbion music auf YouTube<\/h2>\n<p style=\"text-align: center;\">Mit Kopfh\u00f6rern anzuh\u00f6ren w\u00e4rmstens empfohlen.. =)<\/p>\n\n\n<div class=\"wp-block-columns\">\n<div class=\"wp-block-column\">\n<p><div class=\"nv-iframe-embed\"><iframe loading=\"lazy\" title=\"Shivers - Orchestral Version\" width=\"1200\" height=\"675\" src=\"https:\/\/www.youtube.com\/embed\/65APH8lfxkY?feature=oembed\" frameborder=\"0\" allow=\"accelerometer; autoplay; clipboard-write; encrypted-media; gyroscope; picture-in-picture; web-share\" referrerpolicy=\"strict-origin-when-cross-origin\" allowfullscreen><\/iframe><\/div><\/p>\n<\/div>\n\n\n\n<div class=\"wp-block-column\">\n<p><div class=\"nv-iframe-embed\"><iframe loading=\"lazy\" title=\"Dream On - Orchestral Version\" width=\"1200\" height=\"675\" src=\"https:\/\/www.youtube.com\/embed\/vPmlsWCfi7A?feature=oembed\" frameborder=\"0\" allow=\"accelerometer; autoplay; clipboard-write; encrypted-media; gyroscope; picture-in-picture; web-share\" referrerpolicy=\"strict-origin-when-cross-origin\" allowfullscreen><\/iframe><\/div><\/p>\n<\/div>\n<\/div>\n\n\n\n<div class=\"wp-block-columns\">\n<div class=\"wp-block-column\">\n<p><div class=\"nv-iframe-embed\"><iframe loading=\"lazy\" title=\"November Rain - Orchestral Version\" width=\"1200\" height=\"675\" src=\"https:\/\/www.youtube.com\/embed\/yVsQ0XVHeUs?feature=oembed\" frameborder=\"0\" allow=\"accelerometer; autoplay; clipboard-write; encrypted-media; gyroscope; picture-in-picture; web-share\" referrerpolicy=\"strict-origin-when-cross-origin\" allowfullscreen><\/iframe><\/div><\/p>\n<\/div>\n\n\n\n<div class=\"wp-block-column\">\n<p><div class=\"nv-iframe-embed\"><iframe loading=\"lazy\" title=\"Octopodes\" width=\"1200\" height=\"675\" src=\"https:\/\/www.youtube.com\/embed\/3lYXW_5mwYE?start=12&#038;feature=oembed\" frameborder=\"0\" allow=\"accelerometer; autoplay; clipboard-write; encrypted-media; gyroscope; picture-in-picture; web-share\" referrerpolicy=\"strict-origin-when-cross-origin\" allowfullscreen><\/iframe><\/div><\/p>\n<\/div>\n<\/div>\n\n\n<h2 style=\"text-align: center;\">AI Video Projekte von elbion<\/h2>\n<p style=\"text-align: center;\">Videos von elbion, erzeugt unter Verwendung von KI-Technologie - Musik in Handarbeit ohne KI von elbion. =)<\/p>\n\n\n<div class=\"wp-block-columns\">\n<div class=\"wp-block-column\">\n<p><div class=\"nv-iframe-embed\"><iframe loading=\"lazy\" title=\"Mermaids - A musical and visual journey in A minor\" width=\"1200\" height=\"675\" src=\"https:\/\/www.youtube.com\/embed\/WPUV26abQMk?feature=oembed\" frameborder=\"0\" allow=\"accelerometer; autoplay; clipboard-write; encrypted-media; gyroscope; picture-in-picture; web-share\" referrerpolicy=\"strict-origin-when-cross-origin\" allowfullscreen><\/iframe><\/div><\/p>\n<\/div>\n\n\n\n<div class=\"wp-block-column\">\n<p><div class=\"nv-iframe-embed\"><iframe loading=\"lazy\" title=\"Over The Sea And Far Away - Orchestral version of Claire&#039;s theme\" width=\"1200\" height=\"675\" src=\"https:\/\/www.youtube.com\/embed\/WzrEcNoVlo4?feature=oembed\" frameborder=\"0\" allow=\"accelerometer; autoplay; clipboard-write; encrypted-media; gyroscope; picture-in-picture; web-share\" referrerpolicy=\"strict-origin-when-cross-origin\" allowfullscreen><\/iframe><\/div><\/p>\n<\/div>\n<\/div>\n\n\n\n<p class=\"has-text-align-center\">Werde Follower auf YouTube und dadurch immer zuallererst \u00fcber Neuver\u00f6ffentlichungen informiert! <br>-&gt; <a href=\"https:\/\/www.youtube.com\/channel\/UC2AiRjqlnd1cT_8zS654TRA\" target=\"_new\" rel=\"noopener\">elbionmusic auf YouTube <\/a><a href=\"https:\/\/www.youtube.com\/channel\/UC2AiRjqlnd1cT_8zS654TRA\"><img loading=\"lazy\" class=\"alignnone wp-image-2022\" src=\"https:\/\/elbionmusic.net\/wp-content\/uploads\/2024\/01\/youtube_social_icon_red-300x211.webp\" alt=\"\" width=\"37\" height=\"26\" srcset=\"https:\/\/elbionmusic.net\/wp-content\/uploads\/2024\/01\/youtube_social_icon_red-300x211.webp 300w, https:\/\/elbionmusic.net\/wp-content\/uploads\/2024\/01\/youtube_social_icon_red-768x541.webp 768w, https:\/\/elbionmusic.net\/wp-content\/uploads\/2024\/01\/youtube_social_icon_red-18x12.webp 18w, https:\/\/elbionmusic.net\/wp-content\/uploads\/2024\/01\/youtube_social_icon_red-930x620.webp 930w, https:\/\/elbionmusic.net\/wp-content\/uploads\/2024\/01\/youtube_social_icon_red-600x422.webp 600w, https:\/\/elbionmusic.net\/wp-content\/uploads\/2024\/01\/youtube_social_icon_red.webp 1024w\" sizes=\"(max-width: 37px) 100vw, 37px\" \/><\/a><\/p>\n\n\n\n<hr class=\"wp-block-separator\"\/>\n\n\n\n<p class=\"has-text-align-center\">S\u00e4mtliche Klavierst\u00fccke sind als Noten erh\u00e4ltlich. Entweder in unserem <a href=\"https:\/\/elbionmusic.net\/de\/shop\/\">shop<\/a> oder im Bereich \"<a href=\"https:\/\/elbionmusic.net\/de\/sheet-music\/\">Noten<\/a>&#8220;<br>Alle Audio-Dateien sind auch erh\u00e4ltlich in unserem <a href=\"https:\/\/elbionmusic.net\/de\/shop\/\">shop<\/a> oder im Bereich \"<a href=\"https:\/\/elbionmusic.net\/de\/sheet-music\/\">mp3<\/a>&#8221; <br><\/p>\n\n\n\n<hr class=\"wp-block-separator\"\/>\n\n\n\n<p class=\"has-text-align-center\"><\/p>","protected":false},"excerpt":{"rendered":"<p>music for piano players, filmmakers &amp; music lovers Muse &#8211; piano book \/ sheet music for piano solo &#8211; Muse \u2013 9 Pieces for Piano Solo by Albrecht Nolting44 pages, 38 pages content. Difficulty Levels (based on Levels of Difficulty from G.Henle Publishing House) from 3 (easy) to 6 (moderate difficult). Listen into the sound&hellip;&nbsp;<a href=\"https:\/\/elbionmusic.net\/de\/\" class=\"\" rel=\"bookmark\">Weiterlesen &raquo;<span class=\"screen-reader-text\">Startseite<\/span><\/a><\/p>","protected":false},"author":1,"featured_media":0,"parent":0,"menu_order":0,"comment_status":"closed","ping_status":"closed","template":"","meta":{"neve_meta_sidebar":"","neve_meta_container":"","neve_meta_enable_content_width":"on","neve_meta_content_width":85,"neve_meta_title_alignment":"center","neve_meta_author_avatar":"","neve_post_elements_order":"","neve_meta_disable_header":"off","neve_meta_disable_footer":"","neve_meta_disable_title":"on"},"_links":{"self":[{"href":"https:\/\/elbionmusic.net\/de\/wp-json\/wp\/v2\/pages\/5"}],"collection":[{"href":"https:\/\/elbionmusic.net\/de\/wp-json\/wp\/v2\/pages"}],"about":[{"href":"https:\/\/elbionmusic.net\/de\/wp-json\/wp\/v2\/types\/page"}],"author":[{"embeddable":true,"href":"https:\/\/elbionmusic.net\/de\/wp-json\/wp\/v2\/users\/1"}],"replies":[{"embeddable":true,"href":"https:\/\/elbionmusic.net\/de\/wp-json\/wp\/v2\/comments?post=5"}],"version-history":[{"count":10,"href":"https:\/\/elbionmusic.net\/de\/wp-json\/wp\/v2\/pages\/5\/revisions"}],"predecessor-version":[{"id":2335,"href":"https:\/\/elbionmusic.net\/de\/wp-json\/wp\/v2\/pages\/5\/revisions\/2335"}],"wp:attachment":[{"href":"https:\/\/elbionmusic.net\/de\/wp-json\/wp\/v2\/media?parent=5"}],"curies":[{"name":"wp","href":"https:\/\/api.w.org\/{rel}","templated":true}]}}