{"id":268,"date":"2021-12-03T15:53:20","date_gmt":"2021-12-03T14:53:20","guid":{"rendered":"https:\/\/elbionmusic.net\/?page_id=268"},"modified":"2022-01-10T12:05:07","modified_gmt":"2022-01-10T11:05:07","slug":"privacy-policy-2","status":"publish","type":"page","link":"https:\/\/elbionmusic.net\/de\/privacy-policy-2\/","title":{"rendered":"Datenschutzerkl\u00e4rung"},"content":{"rendered":"<p>   <\/p>\n\n\n\n<div class=\"wp-block-image is-style-default\"><figure class=\"aligncenter size-large is-resized\"><img loading=\"lazy\" src=\"https:\/\/elbionmusic.net\/wp-content\/uploads\/2021\/12\/elbion-music-logo_hoch-elf-right-1024x557.png\" alt=\"\" class=\"wp-image-106\" width=\"532\" height=\"289\" srcset=\"https:\/\/elbionmusic.net\/wp-content\/uploads\/2021\/12\/elbion-music-logo_hoch-elf-right-1024x557.png 1024w, https:\/\/elbionmusic.net\/wp-content\/uploads\/2021\/12\/elbion-music-logo_hoch-elf-right-300x163.png 300w, https:\/\/elbionmusic.net\/wp-content\/uploads\/2021\/12\/elbion-music-logo_hoch-elf-right-600x326.png 600w, https:\/\/elbionmusic.net\/wp-content\/uploads\/2021\/12\/elbion-music-logo_hoch-elf-right-768x418.png 768w, https:\/\/elbionmusic.net\/wp-content\/uploads\/2021\/12\/elbion-music-logo_hoch-elf-right.png 1304w\" sizes=\"(max-width: 532px) 100vw, 532px\" \/><\/figure><\/div>\n\n\n\n<h3 class=\"has-text-align-center\" id=\"tw-target-text\">Datenschutzerkl\u00e4rung<\/h3>\n\n\n\n<p id=\"tw-target-text\">Diese Datenschutzerkl\u00e4rung informiert die Nutzer dieser Website \u00fcber Art, Umfang und Zweck der Erhebung und Verwendung personenbezogener Daten durch die Website www.elbionmusic.net.<br><br>Die Websitebetreiber nehmen Ihren Datenschutz sehr ernst und behandeln personenbezogene Daten vertraulich und entsprechend der gesetzlichen Vorschriften. Durch neue Technologien und die stete Weiterentwicklung dieser Webseite k\u00f6nnen immer wieder \u00c4nderungen an dieser Datenschutzerkl\u00e4rung vorgenommen werden. Daher empfehlen wir Ihnen, die Datenschutzerkl\u00e4rung in regelm\u00e4\u00dfigen Abst\u00e4nden zu lesen. <\/p>\n\n\n\n<p id=\"tw-target-text\"><strong>Cookies<\/strong><br>Diese Website verwendet keine Cookies zur pseudonymisierten Reichweitenmessung. Sie nutzt keinen Dienst zur Optimierung und Analyse im Sinne des Art. 6 Abs. 1 lit. f. DSGVO wie z.B. den Dienst Google Analytics. Eine Kommentarfunktion ist auf dieser Website nicht vorgesehen. Die Websitebetreiber bieten ebenso keinen Newsletter an. <\/p>\n\n\n\n<p>Diese Website verwendet keine Tracking-Cookies oder Drittanbieter-Cookies. Wir verwenden nur technisch notwendige Cookies, um den Webshop mit den von Ihnen  in den Warenkorb gelegten ausgew\u00e4hlten Artikeln zu betreiben und Ihre Bestellung abzuwickeln. Ihre im Rahmen des Bestellvorgangs an uns \u00fcbermittelten personenbezogenen Daten speichern wir nur, um den Bestellvorgang zu erm\u00f6glichen. Ist die Speicherung nicht mehr erforderlich, l\u00f6schen wir die uns \u00fcbermittelten personenbezogenen Daten. Rechtsgrundlage f\u00fcr diese Datenverarbeitung und daraus folgende Datenspeicherung ist Art. 6 Abs. 1 DSGVO. Sie haben jederzeit ein Recht auf unentgeltliche Auskunft \u00fcber Ihre bei uns gespeicherten personenbezogenen Daten sowie ggf. ein Recht auf Berichtigung, Sperrung oder L\u00f6schung dieser Daten. <\/p>\n\n\n\n<p id=\"tw-target-text\">Die Websitebetreiber erheben unaufgefordert also keine personenbezogenen Daten au\u00dfer Zugriffsdaten:\nDie Websitebetreiber bzw. der Seitenprovider speichern Daten \u00fcber Ihre Zugriffe auf die Seite als Server-Logfiles ab. <br>Dies umfasst folgende Daten:     <br><br>- Besuchte Website     <br>- Uhrzeit und Datum zum Zeitpunkt des Zugriffes     <br>- Menge der gesendeten Daten in Byte     <br>- Quelle bzw. Internetadresse, von welcher Sie auf die Seite gelangten     <br>- Verwendeter Browser     <br>- Verwendetes Betriebssystem     <br>- Verwendete IP-Adresse <\/p>\n\n\n\n<p id=\"tw-target-text\">Server-Logfiles werden 7 Tage gespeichert und dann gel\u00f6scht. Die Speicherung der Daten erfolgt aus Sicherheitsgr\u00fcnden, etwa um Missbrauchsf\u00e4lle aufkl\u00e4ren zu k\u00f6nnen. M\u00fcssen Daten aus Beweisgr\u00fcnden aufgehoben werden, sind sie solange von der L\u00f6schung ausgenommen, bis der Vorfall endg\u00fcltig gekl\u00e4rt ist. Rechtsgrundlage f\u00fcr diese Datenverarbeitung ist Art. 6 Abs. 1 lit. f DSGVO (berechtigten Interessen des Verantwortlichen) in Verbindung mit Art. 28 DSGVO (Abschluss Auftragsverarbeitungsvertrag). <\/p>\n\n\n\n<p id=\"tw-target-text\"><strong>Daten aus E-Mails an uns oder aus Ihren Bestellungen<\/strong> <br>F\u00fcr eine Kontaktaufnahme k\u00f6nnen Sie neben telefonischen Anfragen auch eine E-Mail an uns senden. Wenn Sie uns eine Nachricht per E- Mail zusenden oder eine Bestellung in unserem Webshop t\u00e4tigen, so speichern wir Ihre \u00fcbermittelten Daten, die aus der E-Mail bzw. Ihrer Bestellung ersichtlich sind: Ihre E-Mail-Adresse und Ihre Nachricht mit Ihrem gesamten Inhalt, um mit Ihnen in Kontakt treten zu k\u00f6nnen bzw. um Ihre Bestellung bearbeiten zu k\u00f6nnen. Ist eine Speicherung nicht mehr erforderlich, l\u00f6schen wir die uns \u00fcbermittelten personenbezogenen Daten. Rechtsgrundlage f\u00fcr diese Datenverarbeitung ist Art.6 Abs.1 der DSGVO. <\/p>\n\n\n\n<p><strong>Bestellungen im Webshop und Umgang mit diesbez\u00fcglichen Daten<\/strong><br>Bei allen Zahlungsmethoden au\u00dfer der Vorauskasse arbeiten wir mit dem Zahlungsdienstleister mollie (Mollie B.V., Keizersgracht 126, 1015 CW Amsterdam, Netherlands \u2013 Chamber of Commerce No. 30204462 \u2013 www.mollie.com) zusammen, was bedeutet, dass Ihre im Bestellprozess an uns \u00fcbermittelten Daten an mollie \u00fcbermittelt und von mollie verarbeitet werden.<br>Mollie verarbeitet personenbezogene Daten im Rahmen ihrer Dienstleistungen, zur Erfu\u0308llung gesetzlicher Verpflichtungen sowie zur Gewa\u0308hrleistung der Sicherheit und Integrita\u0308t Ihrer Daten. Zur Verarbeitung von Transaktionen und Auszahlungen arbeitet Mollie mit mehreren Finanzinstituten zusammen, und teilt Mollie personenbezogene Daten mit Finanzinstituten. Mollie wird personenbezogene Daten nur im Rahmen ihrer Dienstleistungen Dritten zur Verfu\u0308gung stellen.<br>Transactions with the Mastercard and Visa brands are processed via mollie to and from Valitor hf (Laugavegur 77 \u2013 101 Reykjav\u00edk, S\u00edmi 525-2000, Iceland, phone: +354 525 2000).<br>Transaktionen mit der Marke American Express werden \u00fcber mollie von American Express Travel Related Services Company INC und\/oder American Express Payment Services Limited (Hoogoorddreef 15, 1101 BA Amsterdam-Zuidoost, Niederlande, Telefon: +31 20 504 8504) verarbeitet.<br>Mit der Bestellung von Artikeln in unserem Webshop stimmen Sie der oben beschriebenen \u00dcbermittlung Ihrer Daten an mollie und deren Partner ausdr\u00fccklich zu.<\/p>\n\n\n\n<p id=\"tw-target-text\"><strong>Rechte des Betroffenen<\/strong> <br>a. Widerruf der Einwilligung zur Datenverarbeitung <br>Der Vorgang der Datenverarbeitung ist nur mit Ihrer ausdr\u00fccklichen Einwilligung m\u00f6glich. Diese gilt als erteilt, sobald Sie eine E-Mail an uns versenden. Sie k\u00f6nnen eine bereits erteilte Einwilligung jederzeit widerrufen. Dazu gen\u00fcgt eine formlose E-Mail an mich. Bis zum Widerruf bleibt die Rechtm\u00e4\u00dfigkeit der erfolgten Datenverarbeitung unber\u00fchrt. <br><br>b. Beschwerderecht bei der zust\u00e4ndigen Aufsichtsbeh\u00f6rde <br>Im Falle datenschutzrechtlicher Verst\u00f6\u00dfe steht dem Betroffenen ein Beschwerderecht bei der zust\u00e4ndigen Aufsichtsbeh\u00f6rde zu. Zust\u00e4ndige Aufsichtsbeh\u00f6rde in datenschutzrechtlichen Fragen ist grunds\u00e4tzlich der Landesdatenschutzbeauftragte des Bundeslandes, in dem einUnternehmen seinen Sitz hat. Sie finden die zust\u00e4ndigen Beh\u00f6rden und Ansprechpartner unter:\nhttps:\/\/www.bfdi.bund.de\/DE\/Infothek\/Anschriften_Links\/anschriften_links-node.html. <br><br>c. Auskunft, Sperrung, L\u00f6schung, Berichtigung und Einschr\u00e4nkung der Datenverarbeitung <br>Sie haben im Rahmen der jeweils geltenden gesetzlichen Bestimmungen das Recht auf unentgeltliche Auskunft \u00fcber Ihre bei uns gespeicherten personenbezogenen Daten, sowie gegebenenfalls ein Recht auf Berichtigung, Sperrung oder L\u00f6schung dieser Daten. Auch die Einschr\u00e4nkung der Verarbeitung ist hiervon betroffen. Sie k\u00f6nnen sich diesbez\u00fcglich jederzeit unter der im Impressum angegebenen Adresse an uns wenden. <br><br>d. Recht auf Daten\u00fcbertragbarkeit <br>Sie haben das Recht, sich personenbezogene Daten, die wir auf Grundlage Ihrer Einwilligung oder in Erf\u00fcllung eines Vertrags automatisiert verarbeiten, an sich oder einen Dritten in einem g\u00e4ngigen, maschinenlesbaren Format aush\u00e4ndigen zu lassen. Insofern Sie die unmittelbare \u00dcbertragung der Daten an einen dritten Verantwortlichen verlangen, erfolgt dies nur, soweit es technisch machbar ist. <\/p>\n\n\n\n<p id=\"tw-target-text\"><strong>Widerspruch gegen Werbe-Mails<\/strong> <br>Der Nutzung der im Rahmen der Impressumspflicht ver\u00f6ffentlichten Kontaktdaten zur \u00dcbersendung von nicht ausdr\u00fccklich angeforderter Werbung und Informationsmaterialien wird hiermit ausdr\u00fccklich widersprochen. Der Betreiber dieser Seiten beh\u00e4lt sich rechtliche Schritte im Falle der unverlangten Zusendung von Werbeinformationen vor.<\/p>","protected":false},"excerpt":{"rendered":"<p>Privacy Policy This privacy policy informs users of this website about the type, scope and purpose of the collection and use of personal data by the website www.elbionmusic.net. Regarding your data we act and inform according to the german laws, in particular the DSGVO. The website operator does take your data protection very seriously and&hellip;&nbsp;<a href=\"https:\/\/elbionmusic.net\/de\/privacy-policy-2\/\" class=\"\" rel=\"bookmark\">Weiterlesen &raquo;<span class=\"screen-reader-text\">Datenschutzerkl\u00e4rung<\/span><\/a><\/p>","protected":false},"author":1,"featured_media":0,"parent":0,"menu_order":0,"comment_status":"closed","ping_status":"closed","template":"","meta":{"neve_meta_sidebar":"","neve_meta_container":"contained","neve_meta_enable_content_width":"on","neve_meta_content_width":75,"neve_meta_title_alignment":"","neve_meta_author_avatar":"","neve_post_elements_order":"","neve_meta_disable_header":"","neve_meta_disable_footer":"","neve_meta_disable_title":""},"_links":{"self":[{"href":"https:\/\/elbionmusic.net\/de\/wp-json\/wp\/v2\/pages\/268"}],"collection":[{"href":"https:\/\/elbionmusic.net\/de\/wp-json\/wp\/v2\/pages"}],"about":[{"href":"https:\/\/elbionmusic.net\/de\/wp-json\/wp\/v2\/types\/page"}],"author":[{"embeddable":true,"href":"https:\/\/elbionmusic.net\/de\/wp-json\/wp\/v2\/users\/1"}],"replies":[{"embeddable":true,"href":"https:\/\/elbionmusic.net\/de\/wp-json\/wp\/v2\/comments?post=268"}],"version-history":[{"count":10,"href":"https:\/\/elbionmusic.net\/de\/wp-json\/wp\/v2\/pages\/268\/revisions"}],"predecessor-version":[{"id":1561,"href":"https:\/\/elbionmusic.net\/de\/wp-json\/wp\/v2\/pages\/268\/revisions\/1561"}],"wp:attachment":[{"href":"https:\/\/elbionmusic.net\/de\/wp-json\/wp\/v2\/media?parent=268"}],"curies":[{"name":"wp","href":"https:\/\/api.w.org\/{rel}","templated":true}]}}